{"id":8,"date":"2018-03-13T20:15:23","date_gmt":"2018-03-13T20:15:23","guid":{"rendered":"http:\/\/muzeumwody.pl\/?page_id=8"},"modified":"2021-07-22T21:40:01","modified_gmt":"2021-07-22T21:40:01","slug":"strona-glowna","status":"publish","type":"page","link":"https:\/\/muzeumwody.pl\/","title":{"rendered":"Muzeum Wody"},"content":{"rendered":"<p style=\"text-align: right;\"><em>To co my wiemy, to tylko kropla. Czego nie wiemy, to ca\u0142y ocean.<br \/>\n<\/em><em>Isaac Newton<\/em><\/p>\n<p><img loading=\"lazy\" decoding=\"async\" class=\"size-full wp-image-61 aligncenter\" src=\"http:\/\/muzeumwody.pl\/wp-content\/uploads\/2019\/12\/woda-start.jpg\" alt=\"\" width=\"775\" height=\"483\" srcset=\"https:\/\/muzeumwody.pl\/wp-content\/uploads\/2019\/12\/woda-start.jpg 775w, https:\/\/muzeumwody.pl\/wp-content\/uploads\/2019\/12\/woda-start-300x187.jpg 300w, https:\/\/muzeumwody.pl\/wp-content\/uploads\/2019\/12\/woda-start-768x479.jpg 768w\" sizes=\"auto, (max-width: 775px) 100vw, 775px\" \/><\/p>\n<p style=\"text-align: center;\"><strong>Strona po\u015bwi\u0119cona kolekcji przedmiot\u00f3w i pami\u0105tek zwi\u0105zanych z wod\u0105, wodoci\u0105gami, hydrologi\u0105, balneologi\u0105 i hydroterapi\u0105<\/strong><strong>\u00a0<\/strong><\/p>\n","protected":false},"excerpt":{"rendered":"<p>To co my wiemy, to tylko kropla. Czego nie wiemy, to ca\u0142y ocean. Isaac Newton Strona po\u015bwi\u0119cona kolekcji przedmiot\u00f3w i pami\u0105tek zwi\u0105zanych z wod\u0105, wodoci\u0105gami, hydrologi\u0105, balneologi\u0105 i hydroterapi\u0105\u00a0<\/p>\n","protected":false},"author":1,"featured_media":0,"parent":0,"menu_order":0,"comment_status":"closed","ping_status":"closed","template":"","meta":{"_monsterinsights_skip_tracking":false,"_monsterinsights_sitenote_active":false,"_monsterinsights_sitenote_note":"","_monsterinsights_sitenote_category":0,"footnotes":""},"class_list":["post-8","page","type-page","status-publish","hentry"],"_links":{"self":[{"href":"https:\/\/muzeumwody.pl\/index.php\/wp-json\/wp\/v2\/pages\/8","targetHints":{"allow":["GET"]}}],"collection":[{"href":"https:\/\/muzeumwody.pl\/index.php\/wp-json\/wp\/v2\/pages"}],"about":[{"href":"https:\/\/muzeumwody.pl\/index.php\/wp-json\/wp\/v2\/types\/page"}],"author":[{"embeddable":true,"href":"https:\/\/muzeumwody.pl\/index.php\/wp-json\/wp\/v2\/users\/1"}],"replies":[{"embeddable":true,"href":"https:\/\/muzeumwody.pl\/index.php\/wp-json\/wp\/v2\/comments?post=8"}],"version-history":[{"count":6,"href":"https:\/\/muzeumwody.pl\/index.php\/wp-json\/wp\/v2\/pages\/8\/revisions"}],"predecessor-version":[{"id":59,"href":"https:\/\/muzeumwody.pl\/index.php\/wp-json\/wp\/v2\/pages\/8\/revisions\/59"}],"wp:attachment":[{"href":"https:\/\/muzeumwody.pl\/index.php\/wp-json\/wp\/v2\/media?parent=8"}],"curies":[{"name":"wp","href":"https:\/\/api.w.org\/{rel}","templated":true}]}}